{"id":1381,"date":"2022-04-26T10:30:27","date_gmt":"2022-04-26T13:30:27","guid":{"rendered":"http:\/\/museo.fcaglp.unlp.edu.ar\/?page_id=1381"},"modified":"2022-05-10T15:22:33","modified_gmt":"2022-05-10T18:22:33","slug":"mapa-del-cielo","status":"publish","type":"page","link":"http:\/\/museo.fcaglp.unlp.edu.ar\/index.php\/mapa-del-cielo\/","title":{"rendered":"Mapa del Cielo"},"content":{"rendered":"\n<figure class=\"wp-block-image size-full\"><img loading=\"lazy\" decoding=\"async\" width=\"2258\" height=\"1090\" src=\"http:\/\/museo.fcaglp.unlp.edu.ar\/wp-content\/uploads\/2022\/04\/Captura-de-Pantalla-2022-04-26-a-las-12.23.28.png\" alt=\"\" class=\"wp-image-1407\"\/><\/figure>\n\n\n\n<p>Realizado por <strong>Antonio Torres Tirado<\/strong> en 1898.<\/p>\n\n\n\n<p>Los grabados, que ilustran los dos hemisferios, fueron impresos en Zaragoza, Espa\u00f1a, por Eduardo Portobella y dedicados a \u00abSu Alteza Real Do\u00f1a Isabel de Borb\u00f3n y Borb\u00f3n\u00bb.<\/p>\n\n\n\n<p>El mapa del cielo se encontraba originalmente en el pasillo que da a la biblioteca de La Facultad de Ciencias Astron\u00f3micas y Geof\u00edsicas de la UNLP.  Alrededor del 2006 el mapa sufri\u00f3 una rotura, por lo cual se decidi\u00f3 su traslado a la sala permanente del Museo.<\/p>\n\n\n\n<figure class=\"wp-block-image size-full\"><img loading=\"lazy\" decoding=\"async\" width=\"800\" height=\"532\" src=\"http:\/\/museo.fcaglp.unlp.edu.ar\/wp-content\/uploads\/2022\/04\/roto01.jpg\" alt=\"\" class=\"wp-image-1387\"\/><\/figure>\n\n\n\n<figure class=\"wp-block-image size-full\"><img loading=\"lazy\" decoding=\"async\" width=\"800\" height=\"532\" src=\"http:\/\/museo.fcaglp.unlp.edu.ar\/wp-content\/uploads\/2022\/04\/roto02.jpg\" alt=\"\" class=\"wp-image-1388\"\/><\/figure>\n\n\n\n<p><\/p>\n\n\n\n<p>El mapa estuvo  en la Sala Morea del Museo, hasta el 2015.<\/p>\n\n\n\n<figure class=\"wp-block-image size-full\"><img loading=\"lazy\" decoding=\"async\" width=\"800\" height=\"532\" src=\"http:\/\/museo.fcaglp.unlp.edu.ar\/wp-content\/uploads\/2022\/04\/def02.jpg\" alt=\"\" class=\"wp-image-1390\"\/><\/figure>\n\n\n\n<figure class=\"wp-block-image size-full\"><img loading=\"lazy\" decoding=\"async\" width=\"800\" height=\"532\" src=\"http:\/\/museo.fcaglp.unlp.edu.ar\/wp-content\/uploads\/2022\/04\/def03.jpg\" alt=\"\" class=\"wp-image-1391\"\/><\/figure>\n\n\n\n<p><\/p>\n\n\n\n<p>En marzo del 2015,  fue trasladado al Centro Tarea de la UNSAM, para su restauraci\u00f3n. El mapa contaba con suciedad depositada, manchas, barniz oxidado, falta de soporte, tela de refuerzo oxidada, da\u00f1os introducidos en intervenciones anteriores (repintes, parches de papel) a esto se suman roturas verticales posiblemente originadas durante su traslado. (<a rel=\"noreferrer noopener\" href=\"http:\/\/museo.fcaglp.unlp.edu.ar\/Informe-mapa.pdf\" data-type=\"URL\" data-id=\"http:\/\/museo.fcaglp.unlp.edu.ar\/Informe-mapa.pdf\" target=\"_blank\">ver informe<\/a>).<\/p>\n\n\n\n<p>En marzo del 2022 finaliz\u00f3 la restauraci\u00f3n y en abril del 2022, regres\u00f3 a la Facultad de Ciencias Astron\u00f3micas y Geof\u00edsicas.<\/p>\n","protected":false},"excerpt":{"rendered":"<p>Realizado por Antonio Torres Tirado en 1898. Los grabados, que ilustran los dos hemisferios, fueron impresos en Zaragoza, Espa\u00f1a, por Eduardo Portobella y dedicados a \u00abSu Alteza Real Do\u00f1a Isabel de Borb\u00f3n y Borb\u00f3n\u00bb. El mapa del cielo se encontraba originalmente en el pasillo que da a la biblioteca de La Facultad de Ciencias Astron\u00f3micas &hellip; <\/p>\n<p class=\"link-more\"><a href=\"http:\/\/museo.fcaglp.unlp.edu.ar\/index.php\/mapa-del-cielo\/\" class=\"more-link\">Continuar leyendo<span class=\"screen-reader-text\"> \u00abMapa del Cielo\u00bb<\/span><\/a><\/p>\n","protected":false},"author":1,"featured_media":0,"parent":0,"menu_order":0,"comment_status":"closed","ping_status":"closed","template":"","meta":{"footnotes":""},"class_list":["post-1381","page","type-page","status-publish","hentry"],"_links":{"self":[{"href":"http:\/\/museo.fcaglp.unlp.edu.ar\/index.php\/wp-json\/wp\/v2\/pages\/1381","targetHints":{"allow":["GET"]}}],"collection":[{"href":"http:\/\/museo.fcaglp.unlp.edu.ar\/index.php\/wp-json\/wp\/v2\/pages"}],"about":[{"href":"http:\/\/museo.fcaglp.unlp.edu.ar\/index.php\/wp-json\/wp\/v2\/types\/page"}],"author":[{"embeddable":true,"href":"http:\/\/museo.fcaglp.unlp.edu.ar\/index.php\/wp-json\/wp\/v2\/users\/1"}],"replies":[{"embeddable":true,"href":"http:\/\/museo.fcaglp.unlp.edu.ar\/index.php\/wp-json\/wp\/v2\/comments?post=1381"}],"version-history":[{"count":16,"href":"http:\/\/museo.fcaglp.unlp.edu.ar\/index.php\/wp-json\/wp\/v2\/pages\/1381\/revisions"}],"predecessor-version":[{"id":1419,"href":"http:\/\/museo.fcaglp.unlp.edu.ar\/index.php\/wp-json\/wp\/v2\/pages\/1381\/revisions\/1419"}],"wp:attachment":[{"href":"http:\/\/museo.fcaglp.unlp.edu.ar\/index.php\/wp-json\/wp\/v2\/media?parent=1381"}],"curies":[{"name":"wp","href":"https:\/\/api.w.org\/{rel}","templated":true}]}}