{"id":285,"date":"2018-09-14T01:59:33","date_gmt":"2018-09-14T01:59:33","guid":{"rendered":"http:\/\/beuf.fcaglp.unlp.edu.ar\/wordpress\/?page_id=285"},"modified":"2020-06-12T10:48:50","modified_gmt":"2020-06-12T13:48:50","slug":"telescopio-zenital","status":"publish","type":"page","link":"http:\/\/museo.fcaglp.unlp.edu.ar\/index.php\/telescopio-zenital\/","title":{"rendered":"Telescopio Zenital"},"content":{"rendered":"<p style=\"text-align: center;\"><span style=\"color: #339966;\"><strong><span style=\"font-size: 1rem;\"><span style=\"color: #008000;\"><span style=\"font-size: x-large;\"><b>Telescopio Zenital de Wanschaff\u00a0<\/b><\/span><\/span><\/span><\/strong><\/span><\/p>\n<div align=\"justify\">\n<p><span style=\"color: #000000;\">En 1908 la Universidad Nacional de La Plata se hizo cargo de la Estaci\u00f3n de Latitud de Oncativo (C\u00f3rdoba), que pertenec\u00eda a la Asociaci\u00f3n Geod\u00e9sica Internacional (Ley N\u00b0 5595 de septiembre de 1908). Esta estaci\u00f3n se puso en funcionamiento en 1906, con el objeto de estudiar el movimiento de los polos terrestres. Su director fue el Dr. Luis Carnera.<\/span>\u00a0<span style=\"color: #000000;\"><br \/>\nLos trabajos de observaci\u00f3n deb\u00edan hacerse en estaciones ubicadas sobre el mismo paralelo, y hacia fines de 1899 estaban en funcionamiento 6, ubicadas sobre el paralelo de +38\u00b0 8&#8242;. Habia tres en Estados Unidos (Gaithersburg, Cincinati y Ukiah), una en Italia (Carloforte), una en Jap\u00f3n (Mizusawa) y la \u00faltima en Turkestan (Tschardjui). En 1903 la Asociacion Geood\u00e9sica Internacional decidi\u00f3 establecer dos estaciones en el hemisferio sur. Una en el pueblo de Oncativo (que se encontraba sobre la l\u00ednea del Ferrocarril Central argentino) y la otra en Bayswater, en Australia. Ambas estaciones estaban casi sobre el paralelo -31\u00b0 55&#8242; y su diferencia de longitud era aproximadamente 180\u00b0.<\/span><\/p>\n<p>La estaci\u00f3n de Oncativo funcion\u00f3 durante 5 a\u00f1os y en 1913 se la traslad\u00f3 a La Plata. Lamentablemente, diversas circunstacncias impidieron su normal funcionamiento en esta instituci\u00f3n, hasta que en 1934, bajo la direcci\u00f3n del Ing. F\u00e9lix Aguilar, se retomaron las tareas de observaci\u00f3n.<br \/>\nActualmente, podemos encontrar en el parque del Observatorio la casilla original, que alberga al Telescopio Zenital de Wanschaff. Esta casilla tiene el estilo de las que se empleaban a principios del siglo XX en los Observatorios de latitud de la Asociaci\u00f3n Geod\u00e9sica Internacional. Se compone de paredes dobles, con espacio entre ellas para permitir la circulaci\u00f3n de aire, siendo las paredes externas de persianas. El techo est\u00e1 dividido en el centro de norte a sur, las dos partes del mismo est\u00e1n armadas sobre ruedas que corren sobre rieles que se extienden m\u00e1s all\u00e1 de las paredes del edificio. La separaci\u00f3n m\u00e1xima de las dos partes del techo es de 2,1 metros. La habitaci\u00f3n es cuadrada de 3,2 metros de lado.<br \/>\nEste instrumento fue fabricado por Julius Wanschaff de Berl\u00edn. Es una forma especial de instrumento de altazimut.<br \/>\nConsiste esencialmente de una base que sostiene un eje vertical fijo; un soporte en la misma posici\u00f3n gira alrededor de este eje y lleva en la parte superior los cojinetes del eje horizontal; un telescopio provisto de un micr\u00f3metro y niveles zenitales montados en un extremo del eje horizontal, que lleva en el otro extremo los contrapesos y una l\u00e1mpara para iluminar el campo; un nivel de caballete; c\u00edrculos graduados horizontal y vertical; frenos y tornillos microm\u00e9tricos para movimientos lentos.<\/p>\n<p><span style=\"color: #000000;\">La base del instrumento es un anillo circular con una masa central que soporta el eje vertical y tres piezas radiales conectando el anillo con la masa y que terminan en tres tornillos calantes, que pueden ser fijados a estas piezas mediante tornillos de presi\u00f3n.<\/span><\/p>\n<p><span style=\"color: #000000;\">El eje vertical es c\u00f3nico y est\u00e1 constituido de dos partes que giran una dentro de la otra. La exterior lleva en su parte superior los montantes que sostienen el eje horizontal; los resortes que soportan la mayor parte del peso del instrumento y el tornillo que permite graduar el rozamiento de las dos partes.\u00a0<\/span><\/p>\n<p>&nbsp;<\/p>\n<p><span style=\"color: #000000;\"><img decoding=\"async\" class=\"alignleft\" src=\"http:\/\/museo.fcaglp.unlp.edu.ar\/reco\/wals\/wans400.jpg\" alt=\"wans400.jpg\" hspace=\"6\" vspace=\"6\" \/><\/span><span style=\"color: #000000;\">El telescopio, el c\u00edrculo vertical, y los niveles zenitales se encuentran colocados a un extremo del eje horizontal que lleva en el otro una l\u00e1mpara. El tubo del telescopio es doble; la parte interior soporta el objetivo y el micr\u00f3metro, siendo protegida de los cambios bruscos de temperatura por la parte exterior. Esta presenta una serie de agujeros para permitir que el aire circule libremente. Una tapa de bronce de 24 cent\u00edmetros de largo forma la continuaci\u00f3n del tubo.<\/span><\/p>\n<p><span style=\"color: #000000;\">El sistema \u00f3ptico de este instrumento fue fabricado por Carl Zeiss de Jena. La abertura libre del objetivo es de 108 mil\u00edmetros.<\/span><\/p>\n<p>Texto extra\u00eddo de:<\/p>\n<ul>\n<li>Descripci\u00f3n general del Observatorio, su posici\u00f3n geogr\u00e1fica, y observaciones de cometas y de estrellas dobles. Publicaciones del Observatorio Astron\u00f3mico de la Universidad Nacional de La Plata; Tomo 1, La Plata. Hussey W. J., Delavan\u00a0P. T. y Dawson\u00a0B. H. 1914<\/li>\n<\/ul>\n<\/div>\n","protected":false},"excerpt":{"rendered":"<p>Telescopio Zenital de Wanschaff\u00a0 En 1908 la Universidad Nacional de La Plata se hizo cargo de la Estaci\u00f3n de Latitud de Oncativo (C\u00f3rdoba), que pertenec\u00eda a la Asociaci\u00f3n Geod\u00e9sica Internacional (Ley N\u00b0 5595 de septiembre de 1908). Esta estaci\u00f3n se puso en funcionamiento en 1906, con el objeto de estudiar el movimiento de los polos &hellip; <\/p>\n<p class=\"link-more\"><a href=\"http:\/\/museo.fcaglp.unlp.edu.ar\/index.php\/telescopio-zenital\/\" class=\"more-link\">Continuar leyendo<span class=\"screen-reader-text\"> \u00abTelescopio Zenital\u00bb<\/span><\/a><\/p>\n","protected":false},"author":1,"featured_media":0,"parent":0,"menu_order":0,"comment_status":"closed","ping_status":"closed","template":"","meta":{"footnotes":""},"class_list":["post-285","page","type-page","status-publish","hentry"],"_links":{"self":[{"href":"http:\/\/museo.fcaglp.unlp.edu.ar\/index.php\/wp-json\/wp\/v2\/pages\/285","targetHints":{"allow":["GET"]}}],"collection":[{"href":"http:\/\/museo.fcaglp.unlp.edu.ar\/index.php\/wp-json\/wp\/v2\/pages"}],"about":[{"href":"http:\/\/museo.fcaglp.unlp.edu.ar\/index.php\/wp-json\/wp\/v2\/types\/page"}],"author":[{"embeddable":true,"href":"http:\/\/museo.fcaglp.unlp.edu.ar\/index.php\/wp-json\/wp\/v2\/users\/1"}],"replies":[{"embeddable":true,"href":"http:\/\/museo.fcaglp.unlp.edu.ar\/index.php\/wp-json\/wp\/v2\/comments?post=285"}],"version-history":[{"count":9,"href":"http:\/\/museo.fcaglp.unlp.edu.ar\/index.php\/wp-json\/wp\/v2\/pages\/285\/revisions"}],"predecessor-version":[{"id":1133,"href":"http:\/\/museo.fcaglp.unlp.edu.ar\/index.php\/wp-json\/wp\/v2\/pages\/285\/revisions\/1133"}],"wp:attachment":[{"href":"http:\/\/museo.fcaglp.unlp.edu.ar\/index.php\/wp-json\/wp\/v2\/media?parent=285"}],"curies":[{"name":"wp","href":"https:\/\/api.w.org\/{rel}","templated":true}]}}