{"id":433,"date":"2018-09-21T19:25:08","date_gmt":"2018-09-21T22:25:08","guid":{"rendered":"http:\/\/beuf.fcaglp.unlp.edu.ar\/wordpress\/?page_id=433"},"modified":"2018-09-27T15:41:58","modified_gmt":"2018-09-27T18:41:58","slug":"serie-especial","status":"publish","type":"page","link":"http:\/\/museo.fcaglp.unlp.edu.ar\/index.php\/serie-especial\/","title":{"rendered":"Serie Especial"},"content":{"rendered":"<ul>\n<li>T. I: <em>La Escuela Superior de Ciencias Astron\u00f3micas y Conexas (Plan de estudios). <\/em>1945.<\/li>\n<li>T. II: <em>Elementos de la Geograf\u00eda Matem\u00e1tica. Cartograf\u00eda,<\/em> M. Gonz\u00e1les Fern\u00e1ndez. 1948.<\/li>\n<li>T. III: <em>Plan de Estudios de la Escuela Superior de Astronom\u00eda y Geof\u00edsica. <\/em>1948, 1er ed.; 1950, 2da ed.; 1959, 3er ed..<\/li>\n<li>T. IV: <em>F\u00f3rmulas de Fabritius, <\/em>V. J. Meneclier. 1949.<\/li>\n<li>T. V: <em>Transformaci\u00f3n del problema Geod\u00e9sico-Elips\u00f3dico en un problema esf\u00e9rico. Soluci\u00f3n de Gauss. Transporte de coordenadas, <\/em>M. Gonz\u00e1les Fern\u00e1ndez. 1949.<\/li>\n<li>T. VI: <em>Memoria anual correspondiente al a\u00f1o 1947,<\/em>\u00a0G. O. Wallbrecher. 1949.<\/li>\n<li>T. VII: <em>Sobre la actualidad de la reforma del calendario, <\/em>P. Sconzo. 1949.<\/li>\n<\/ul>\n","protected":false},"excerpt":{"rendered":"<p>T. I: La Escuela Superior de Ciencias Astron\u00f3micas y Conexas (Plan de estudios). 1945. T. II: Elementos de la Geograf\u00eda Matem\u00e1tica. Cartograf\u00eda, M. Gonz\u00e1les Fern\u00e1ndez. 1948. T. III: Plan de Estudios de la Escuela Superior de Astronom\u00eda y Geof\u00edsica. 1948, 1er ed.; 1950, 2da ed.; 1959, 3er ed.. T. IV: F\u00f3rmulas de Fabritius, V. J. &hellip; <\/p>\n<p class=\"link-more\"><a href=\"http:\/\/museo.fcaglp.unlp.edu.ar\/index.php\/serie-especial\/\" class=\"more-link\">Continuar leyendo<span class=\"screen-reader-text\"> \u00abSerie Especial\u00bb<\/span><\/a><\/p>\n","protected":false},"author":1,"featured_media":0,"parent":0,"menu_order":0,"comment_status":"closed","ping_status":"closed","template":"","meta":{"footnotes":""},"class_list":["post-433","page","type-page","status-publish","hentry"],"_links":{"self":[{"href":"http:\/\/museo.fcaglp.unlp.edu.ar\/index.php\/wp-json\/wp\/v2\/pages\/433","targetHints":{"allow":["GET"]}}],"collection":[{"href":"http:\/\/museo.fcaglp.unlp.edu.ar\/index.php\/wp-json\/wp\/v2\/pages"}],"about":[{"href":"http:\/\/museo.fcaglp.unlp.edu.ar\/index.php\/wp-json\/wp\/v2\/types\/page"}],"author":[{"embeddable":true,"href":"http:\/\/museo.fcaglp.unlp.edu.ar\/index.php\/wp-json\/wp\/v2\/users\/1"}],"replies":[{"embeddable":true,"href":"http:\/\/museo.fcaglp.unlp.edu.ar\/index.php\/wp-json\/wp\/v2\/comments?post=433"}],"version-history":[{"count":3,"href":"http:\/\/museo.fcaglp.unlp.edu.ar\/index.php\/wp-json\/wp\/v2\/pages\/433\/revisions"}],"predecessor-version":[{"id":536,"href":"http:\/\/museo.fcaglp.unlp.edu.ar\/index.php\/wp-json\/wp\/v2\/pages\/433\/revisions\/536"}],"wp:attachment":[{"href":"http:\/\/museo.fcaglp.unlp.edu.ar\/index.php\/wp-json\/wp\/v2\/media?parent=433"}],"curies":[{"name":"wp","href":"https:\/\/api.w.org\/{rel}","templated":true}]}}